{"id":19,"date":"2007-12-30T20:59:52","date_gmt":"2007-12-30T19:59:52","guid":{"rendered":"http:\/\/www.scholze-simmel.at\/heimatforschung\/?page_id=19"},"modified":"2025-09-14T13:02:43","modified_gmt":"2025-09-14T12:02:43","slug":"mitarbeiter","status":"publish","type":"page","link":"http:\/\/www.scholze-simmel.at\/heimatforschung\/?page_id=19","title":{"rendered":"Mitarbeiter\/innen"},"content":{"rendered":"<table style=\"width: 87.3346%; height: 1239px;\" border=\"1\" cellspacing=\"0\" cellpadding=\"5\">\n<tbody>\n<tr style=\"height: 39px;\">\n<th style=\"height: 39px;\"><\/th>\n<th style=\"height: 39px;\">Besonderes Interesse<\/th>\n<\/tr>\n<tr style=\"height: 54px;\">\n<td style=\"text-align: left; height: 54px;\">Martin Grasmann, Obmann<\/td>\n<td style=\"height: 54px;\">Alte Beschl\u00e4ge, alte M\u00fcnzen, Karl May-B\u00e4nde, Photographie, Ortsgeschichte.<\/td>\n<\/tr>\n<tr style=\"height: 39px;\">\n<td style=\"text-align: left; height: 10px;\">Madlen Leitner, Obmann Stellvertreterin<\/td>\n<td style=\"height: 10px;\">Schicksale von Menschen<\/td>\n<\/tr>\n<tr style=\"height: 39px;\">\n<td style=\"height: 39px;\">Herbert Gruber<\/td>\n<td style=\"height: 39px;\">Mountainbiken, Sport<\/td>\n<\/tr>\n<tr style=\"height: 62px;\">\n<td style=\"height: 62px;\">Gerhard Hager<br \/>\nSchriftf\u00fchrer<\/td>\n<td style=\"height: 62px;\">Besch\u00e4ftigung mit alten Ansichtskarten und Notgeld, heimatkundliche B\u00fccher, Ortsgeschichte<\/td>\n<\/tr>\n<tr style=\"height: 62px;\">\n<td style=\"height: 62px;\">Erich Zichtl,\u00a0Finanzverwalter<\/td>\n<td style=\"height: 62px;\">Alte Werkzeuge, historische Waffen, historische Fahrzeuge<\/td>\n<\/tr>\n<tr style=\"height: 39px;\">\n<td style=\"height: 39px;\">Wolfgang Frei, Beirat<\/td>\n<td style=\"height: 39px;\">Malen, Altert\u00fcmer, B\u00fccher<\/td>\n<\/tr>\n<tr style=\"height: 39px;\">\n<td style=\"height: 39px;\">Rudolf Toberer<\/td>\n<td style=\"height: 39px;\">Ortsgeschichte<\/td>\n<\/tr>\n<tr style=\"height: 39px;\">\n<td style=\"height: 39px;\">Maria Hager<\/td>\n<td style=\"height: 39px;\">Puppen, Wandern, Garten, Sport<\/td>\n<\/tr>\n<tr style=\"height: 39px;\">\n<td style=\"height: 39px;\">Karin Schweinzer<\/td>\n<td style=\"height: 39px;\">Natur, Wandern, Theater; Kassenpr\u00fcferin<\/td>\n<\/tr>\n<tr style=\"height: 39px;\">\n<td style=\"height: 39px;\">Helene Fahrngruber<\/td>\n<td style=\"height: 39px;\">Ortsgeschichte<\/td>\n<\/tr>\n<tr style=\"height: 39px;\">\n<td style=\"height: 39px;\">Franz Steindl<\/td>\n<td style=\"height: 39px;\">Fotographie, Feuerwehr<\/td>\n<\/tr>\n<tr style=\"height: 39px;\">\n<td style=\"height: 39px;\">Maria Gruber<\/td>\n<td style=\"height: 39px;\">Singen, Schreiben<\/td>\n<\/tr>\n<tr style=\"height: 62px;\">\n<td style=\"height: 62px;\">Wolfgang Fischer, Beirat<\/td>\n<td style=\"height: 62px;\">Alte Videofilme, Geschichte von Hofstetten-Gr\u00fcnau und deren Bewohner<\/td>\n<\/tr>\n<tr style=\"height: 39px;\">\n<td style=\"height: 39px;\">Maria Gr\u00fcnsteidl<\/td>\n<td style=\"height: 39px;\">Wandern, Natur, Garten<\/td>\n<\/tr>\n<tr style=\"height: 39px;\">\n<td style=\"height: 39px;\">Franz Kaltofen<\/td>\n<td style=\"height: 39px;\">Rettungswesen, Feuerwehr, Ausgrabungen<\/td>\n<\/tr>\n<tr style=\"height: 39px;\">\n<td style=\"height: 39px;\">Veronika Frei<\/td>\n<td style=\"height: 39px;\">Musik, Theater, Konzerte, Austropop, Wandern, Sport<\/td>\n<\/tr>\n<tr style=\"height: 62px;\">\n<td style=\"height: 62px;\">Karl Grubner, Beirat<\/td>\n<td style=\"height: 62px;\">Sport: Radfahren, Wandern, Ortsgeschichte<\/td>\n<\/tr>\n<tr style=\"height: 39px;\">\n<td style=\"height: 39px;\">Norbert Schweinzer<\/td>\n<td style=\"height: 39px;\">Sport, Schi<\/td>\n<\/tr>\n<tr style=\"height: 62px;\">\n<td style=\"height: 62px;\">Irmgard Kaltofen<\/td>\n<td style=\"height: 62px;\">Wandern, Ortsgeschichte, Firmengeschichte; Kassenpr\u00fcferin<\/td>\n<\/tr>\n<tr style=\"height: 62px;\">\n<td style=\"height: 62px;\">Margit Grubner, Schriftf\u00fchrer Stv.<\/td>\n<td style=\"height: 62px;\">Sport, Ortsgeschichte Hofstetten, Gemeindepolitik<\/td>\n<\/tr>\n<tr style=\"height: 39px;\">\n<td style=\"height: 39px;\">Angelika Fischer<\/td>\n<td style=\"height: 39px;\">Naturfotografie, Handarbeiten, Malen, Puppen, B\u00e4ren<\/td>\n<\/tr>\n<tr style=\"height: 39px;\">\n<td style=\"height: 39px;\">Karl Kendler, Kassier Stv.<\/td>\n<td style=\"height: 39px;\">Wirtschaftsgeschichte, Ortsgeschichte, Sport, Radfahren<\/td>\n<\/tr>\n<tr style=\"height: 39px;\">\n<td style=\"height: 39px;\">Christof Greifensteiner<\/td>\n<td style=\"height: 39px;\">Mariazellerbahn, Modellbau<\/td>\n<\/tr>\n<tr style=\"height: 62px;\">\n<td style=\"height: 62px;\">Philipp Weissenb\u00f6ck<\/td>\n<td style=\"height: 62px;\">Ortsgeschichte Hofstetten-Gr\u00fcnau, Ahnenforschung, Der 2. Weltkrieg<\/td>\n<\/tr>\n<tr style=\"height: 39px;\">\n<td style=\"height: 39px;\">Armin Griebl<\/td>\n<td style=\"height: 39px;\">Ortsgeschichte, Weltgeschichte, 2. Weltkrieg<\/td>\n<\/tr>\n<tr style=\"height: 39px;\">\n<td style=\"height: 39px;\"><\/td>\n<td style=\"height: 39px;\"><\/td>\n<\/tr>\n<tr style=\"height: 39px;\">\n<td style=\"height: 39px;\"><\/td>\n<td style=\"height: 39px;\"><\/td>\n<\/tr>\n<\/tbody>\n<\/table>\n<p>&nbsp;<\/p>\n","protected":false},"excerpt":{"rendered":"<p>Besonderes Interesse Martin Grasmann, Obmann Alte Beschl\u00e4ge, alte M\u00fcnzen, Karl May-B\u00e4nde, Photographie, Ortsgeschichte. Madlen Leitner, Obmann Stellvertreterin Schicksale von Menschen Herbert Gruber Mountainbiken, Sport Gerhard Hager Schriftf\u00fchrer Besch\u00e4ftigung mit alten Ansichtskarten und Notgeld, heimatkundliche B\u00fccher, Ortsgeschichte Erich Zichtl,\u00a0Finanzverwalter Alte Werkzeuge, historische Waffen, historische Fahrzeuge Wolfgang Frei, Beirat Malen, Altert\u00fcmer, B\u00fccher Rudolf Toberer Ortsgeschichte Maria Hager &hellip; <\/p>\n<p><a class=\"more-link btn\" href=\"http:\/\/www.scholze-simmel.at\/heimatforschung\/?page_id=19\">Weiterlesen<\/a><\/p>\n","protected":false},"author":1,"featured_media":0,"parent":0,"menu_order":5,"comment_status":"closed","ping_status":"closed","template":"","meta":{"ngg_post_thumbnail":0,"footnotes":""},"_links":{"self":[{"href":"http:\/\/www.scholze-simmel.at\/heimatforschung\/index.php?rest_route=\/wp\/v2\/pages\/19"}],"collection":[{"href":"http:\/\/www.scholze-simmel.at\/heimatforschung\/index.php?rest_route=\/wp\/v2\/pages"}],"about":[{"href":"http:\/\/www.scholze-simmel.at\/heimatforschung\/index.php?rest_route=\/wp\/v2\/types\/page"}],"author":[{"embeddable":true,"href":"http:\/\/www.scholze-simmel.at\/heimatforschung\/index.php?rest_route=\/wp\/v2\/users\/1"}],"replies":[{"embeddable":true,"href":"http:\/\/www.scholze-simmel.at\/heimatforschung\/index.php?rest_route=%2Fwp%2Fv2%2Fcomments&post=19"}],"version-history":[{"count":45,"href":"http:\/\/www.scholze-simmel.at\/heimatforschung\/index.php?rest_route=\/wp\/v2\/pages\/19\/revisions"}],"predecessor-version":[{"id":8644,"href":"http:\/\/www.scholze-simmel.at\/heimatforschung\/index.php?rest_route=\/wp\/v2\/pages\/19\/revisions\/8644"}],"wp:attachment":[{"href":"http:\/\/www.scholze-simmel.at\/heimatforschung\/index.php?rest_route=%2Fwp%2Fv2%2Fmedia&parent=19"}],"curies":[{"name":"wp","href":"https:\/\/api.w.org\/{rel}","templated":true}]}}