{"id":91,"date":"2007-12-31T12:49:23","date_gmt":"2007-12-31T11:49:23","guid":{"rendered":"http:\/\/www.scholze-simmel.at\/heimatforschung\/?page_id=91"},"modified":"2024-07-17T19:16:36","modified_gmt":"2024-07-17T18:16:36","slug":"bucherwerb","status":"publish","type":"page","link":"http:\/\/www.scholze-simmel.at\/heimatforschung\/?page_id=91","title":{"rendered":"Bucherwerb"},"content":{"rendered":"<p>Die von der Heimatforschung herausgegebenen B\u00fccher gibt es an folgenden Stellen zu erwerben:<\/p>\n<p style=\"padding-left: 30px;\">Marktgemeinde Hofstetten-Gr\u00fcnau im BGZ<br \/>\nHeimatforschung (G. Hager, 02723\/8174)<br \/>\nMuseum Bahnhof (Sonntag 15.00 &#8211; 18.00 Uhr)<\/p>\n<p style=\"padding-left: 30px;\">neu:<\/p>\n<ul>\n<li>Kapellen, Marterl, Bildst\u00f6cke und Wegkreuze in Hofstetten-Gr\u00fcnau<\/li>\n<li>Ein sch\u00f6nes St\u00fcck unserer Heimat (H\u00e4user und H\u00f6fe in Hofstetten-Gr\u00fcnau), 2019; wieder erh\u00e4ltlich: 2. Auflage; 60,00 Euro<\/li>\n<li>Vorgestern &#8211; gestern &#8211; heute (Hofstetten-gr\u00fcnau fr\u00fcher und heute besehen), 2014; 22,00 Euro<\/li>\n<li>Pielachtaler Mundart (Dialektausdr\u00fccke, tw. illustriert, aus dem Pielachtal), 2015; 16.00 Euro<\/li>\n<\/ul>\n<p>[catlist id=1 numberposts=-1]<\/p>\n","protected":false},"excerpt":{"rendered":"<p>Die von der Heimatforschung herausgegebenen B\u00fccher gibt es an folgenden Stellen zu erwerben: Marktgemeinde Hofstetten-Gr\u00fcnau im BGZ Heimatforschung (G. Hager, 02723\/8174) Museum Bahnhof (Sonntag 15.00 &#8211; 18.00 Uhr) neu: Kapellen, Marterl, Bildst\u00f6cke und Wegkreuze in Hofstetten-Gr\u00fcnau Ein sch\u00f6nes St\u00fcck unserer Heimat (H\u00e4user und H\u00f6fe in Hofstetten-Gr\u00fcnau), 2019; wieder erh\u00e4ltlich: 2. Auflage; 60,00 Euro Vorgestern &#8211; &hellip; <\/p>\n<p><a class=\"more-link btn\" href=\"http:\/\/www.scholze-simmel.at\/heimatforschung\/?page_id=91\">Weiterlesen<\/a><\/p>\n","protected":false},"author":1,"featured_media":0,"parent":0,"menu_order":6,"comment_status":"closed","ping_status":"closed","template":"","meta":{"ngg_post_thumbnail":0,"footnotes":""},"_links":{"self":[{"href":"http:\/\/www.scholze-simmel.at\/heimatforschung\/index.php?rest_route=\/wp\/v2\/pages\/91"}],"collection":[{"href":"http:\/\/www.scholze-simmel.at\/heimatforschung\/index.php?rest_route=\/wp\/v2\/pages"}],"about":[{"href":"http:\/\/www.scholze-simmel.at\/heimatforschung\/index.php?rest_route=\/wp\/v2\/types\/page"}],"author":[{"embeddable":true,"href":"http:\/\/www.scholze-simmel.at\/heimatforschung\/index.php?rest_route=\/wp\/v2\/users\/1"}],"replies":[{"embeddable":true,"href":"http:\/\/www.scholze-simmel.at\/heimatforschung\/index.php?rest_route=%2Fwp%2Fv2%2Fcomments&post=91"}],"version-history":[{"count":12,"href":"http:\/\/www.scholze-simmel.at\/heimatforschung\/index.php?rest_route=\/wp\/v2\/pages\/91\/revisions"}],"predecessor-version":[{"id":7865,"href":"http:\/\/www.scholze-simmel.at\/heimatforschung\/index.php?rest_route=\/wp\/v2\/pages\/91\/revisions\/7865"}],"wp:attachment":[{"href":"http:\/\/www.scholze-simmel.at\/heimatforschung\/index.php?rest_route=%2Fwp%2Fv2%2Fmedia&parent=91"}],"curies":[{"name":"wp","href":"https:\/\/api.w.org\/{rel}","templated":true}]}}