{"id":65,"date":"2015-06-19T08:25:19","date_gmt":"2015-06-19T06:25:19","guid":{"rendered":"http:\/\/www.scholze-simmel.at\/starbus\/ws9\/?page_id=65"},"modified":"2015-12-02T10:14:11","modified_gmt":"2015-12-02T09:14:11","slug":"program","status":"publish","type":"page","link":"http:\/\/www.scholze-simmel.at\/starbus\/ws9\/","title":{"rendered":"Program"},"content":{"rendered":"<p><span style=\"color: #ff0000;\"><strong>DRAFT PROGRAM<\/strong><\/span><br \/>\n<strong> 9th IT STAR WS on ICT Strategies and Applications<\/strong><\/p>\n<p><strong>Friday, 16 October 2015<\/strong><br \/>\nVenue: Hotel IBIS Warszawa Stare Miasto (Old Town)<br \/>\n<em>Registration desk open from 08.30<\/em><\/p>\n<p><span style=\"color: #ff0000;\"><strong>09.00 Opening and Setting the Scene \u2013 Keynotes<\/strong><\/span><br \/>\n<a title=\"Abstracts\" href=\"http:\/\/www.scholze-simmel.at\/starbus\/ws9\/?page_id=47#lamborghini\"><em>E-skills and e-leadership for the digital scenario<\/em><\/a><br \/>\n<strong> Bruno Lamborghini<\/strong>, EITO Chairman and AICA President<br \/>\n<a title=\"Abstracts\" href=\"http:\/\/www.scholze-simmel.at\/starbus\/ws9\/?page_id=47#przewloka\"><em> From Smart Items to successful business models \u2013 value adding applications with the Internet of Things<\/em><\/a> &#8211; <a href=\"http:\/\/www.scholze-simmel.at\/starbus\/ws9\/wp-content\/uploads\/Public_Warsaw_Przewloka_October_2015.pdf\">Slides<\/a><br \/>\n<strong> Martin Przewloka<\/strong>, Senior Vice President, SAP SE<br \/>\n<a title=\"Abstracts\" href=\"http:\/\/www.scholze-simmel.at\/starbus\/ws9\/?page_id=47#marcinski\"><em> Digital competences &#8211; do we appreciate their role and importance?<\/em><\/a> &#8211; <a href=\"http:\/\/www.scholze-simmel.at\/starbus\/ws9\/wp-content\/uploads\/Public_Warsaw_Przewloka_October_2015.pdf\">Slides<\/a><br \/>\n<strong> W\u0142odzimierz Marci\u0144ski<\/strong>, Plenipotentiary of the Polish Minister for digital competences in Administration<\/p>\n<p><em>11.00 Coffee<\/em><\/p>\n<p><strong><span style=\"color: #ff0000;\">11.30<\/span> Topic I. <span style=\"color: #ff0000;\">National Strategies, Policies and Action Plans<\/span><\/strong><br \/>\n<a title=\"Abstracts\" href=\"http:\/\/www.scholze-simmel.at\/starbus\/ws9\/?page_id=47#kovacs\"><em> Smart City strategy in Hungary<\/em><\/a> &#8211; <a href=\"http:\/\/www.scholze-simmel.at\/starbus\/ws9\/wp-content\/uploads\/9TH-IT-STAR-KKovacs.pdf\">Slides<\/a><br \/>\n<strong>K\u00e1lm\u00e1n Kov\u00e1cs<\/strong> (Budapest TU)<br \/>\n<a title=\"Abstracts\" href=\"http:\/\/www.scholze-simmel.at\/starbus\/ws9\/?page_id=47#boyanov\"><em> Bulgarian ICT National Policy and Strategy<\/em><\/a> &#8211; <a href=\"http:\/\/www.scholze-simmel.at\/starbus\/ws9\/wp-content\/uploads\/ICT-BG1.pdf\">Slides<\/a><br \/>\n<strong> Kiril Boyanov, Ivan Dimov, Blagovest Sendov<\/strong> (BAS)<br \/>\n<a title=\"Abstracts\" href=\"http:\/\/www.scholze-simmel.at\/starbus\/ws9\/?page_id=47#danieliene\"><em> Lithuanian National Digital Coalition: Purposes, Possibilities and Opportunities for Digital Jobs<\/em><\/a> &#8211; <a href=\"http:\/\/www.scholze-simmel.at\/starbus\/ws9\/wp-content\/uploads\/2015-10-IT_STAR_LT.pdf\">Slides<\/a><br \/>\n<strong> Renata Danielien\u0117, Eugenijus Tele\u0161ius<\/strong> (ECDL Lithuania)<\/p>\n<p><em>13.00 Lunch break<\/em><\/p>\n<p><strong><span style=\"color: #ff0000;\">14.00<\/span> Topic II. <span style=\"color: #ff0000;\">Industry, Innovation and Take-up<\/span><\/strong><br \/>\n<em>EU ICT in a Venetian Mirror<\/em><br \/>\n<strong>Waclaw Iszkowski<\/strong>, President, Polish Chamber of Information Technology and Telecommunications<br \/>\n<a title=\"Abstracts\" href=\"http:\/\/www.scholze-simmel.at\/starbus\/ws9\/?page_id=47#oruaas\"><em>GoSwift Queue Management Service<\/em><\/a> &#8211; <a href=\"http:\/\/www.scholze-simmel.at\/starbus\/ws9\/wp-content\/uploads\/GoSwift_presentation_IT_Star_16102015.pdf\">Slides<\/a><br \/>\n<strong> Jaan Oruaas, Madis Sassiad, S\u00e9bastien Mure<\/strong> (GoSwift)<\/p>\n<p><em>15.00 Coffee<\/em><\/p>\n<p><strong><span style=\"color: #ff0000;\">15.30<\/span> Topic III. <span style=\"color: #ff0000;\">Skills and e-Leadership<\/span><\/strong><\/p>\n<p><a title=\"Abstracts\" href=\"http:\/\/www.scholze-simmel.at\/starbus\/ws9\/?page_id=47#bellini\"><em>e-CFPlus System<\/em><\/a> &#8211; <a href=\"http:\/\/www.scholze-simmel.at\/starbus\/ws9\/wp-content\/uploads\/eCFplus-IT_Star_2015.pdf\">Slides<\/a><br \/>\n<strong> Roberto Bellini<\/strong> (AICA)<br \/>\n<a title=\"Abstracts\" href=\"http:\/\/www.scholze-simmel.at\/starbus\/ws9\/?page_id=47#bieber\"> <em> Coding for Children: an Initiative of the Austrian Computer Society (OCG)<\/em><\/a> &#8211; <a href=\"http:\/\/www.scholze-simmel.at\/starbus\/ws9\/wp-content\/uploads\/Austria_coding_for_children_20151016.pdf\">Slides<\/a><br \/>\n<strong> Ronald Bieber<\/strong> (OCG)<br \/>\n<a title=\"Abstracts\" href=\"http:\/\/www.scholze-simmel.at\/starbus\/ws9\/?page_id=47#albano\"><em> Procedural Reasoning and Programming for Kids: AICA&#8217;s &#8222;LOGIC&#8220; initiative<\/em><\/a> &#8211; <a href=\"http:\/\/www.scholze-simmel.at\/starbus\/ws9\/wp-content\/uploads\/LOGIC_Varsavia_EN.pdf\">Slides<\/a><br \/>\n<strong> Pierfranco Ravotto, Giuseppe Albano<\/strong> (AICA, ANFOR)<\/p>\n<p><strong><span style=\"color: #ff0000;\">17.00<\/span> Closing<\/strong><\/p>\n","protected":false},"excerpt":{"rendered":"<p>DRAFT PROGRAM 9th IT STAR WS on ICT Strategies and Applications Friday, 16 October 2015 Venue: Hotel IBIS Warszawa Stare Miasto (Old Town) Registration desk open from 08.30 09.00 Opening and Setting the Scene \u2013 Keynotes E-skills and e-leadership for the digital scenario Bruno Lamborghini, EITO Chairman and AICA President From Smart Items to successful [&hellip;]<\/p>\n","protected":false},"author":1,"featured_media":0,"parent":0,"menu_order":1,"comment_status":"closed","ping_status":"closed","template":"","meta":{"footnotes":""},"_links":{"self":[{"href":"http:\/\/www.scholze-simmel.at\/starbus\/ws9\/index.php?rest_route=\/wp\/v2\/pages\/65"}],"collection":[{"href":"http:\/\/www.scholze-simmel.at\/starbus\/ws9\/index.php?rest_route=\/wp\/v2\/pages"}],"about":[{"href":"http:\/\/www.scholze-simmel.at\/starbus\/ws9\/index.php?rest_route=\/wp\/v2\/types\/page"}],"author":[{"embeddable":true,"href":"http:\/\/www.scholze-simmel.at\/starbus\/ws9\/index.php?rest_route=\/wp\/v2\/users\/1"}],"replies":[{"embeddable":true,"href":"http:\/\/www.scholze-simmel.at\/starbus\/ws9\/index.php?rest_route=%2Fwp%2Fv2%2Fcomments&post=65"}],"version-history":[{"count":26,"href":"http:\/\/www.scholze-simmel.at\/starbus\/ws9\/index.php?rest_route=\/wp\/v2\/pages\/65\/revisions"}],"predecessor-version":[{"id":120,"href":"http:\/\/www.scholze-simmel.at\/starbus\/ws9\/index.php?rest_route=\/wp\/v2\/pages\/65\/revisions\/120"}],"wp:attachment":[{"href":"http:\/\/www.scholze-simmel.at\/starbus\/ws9\/index.php?rest_route=%2Fwp%2Fv2%2Fmedia&parent=65"}],"curies":[{"name":"wp","href":"https:\/\/api.w.org\/{rel}","templated":true}]}}